{"id":171,"date":"2024-10-25T11:14:50","date_gmt":"2024-10-25T11:14:50","guid":{"rendered":"https:\/\/dummy.xtemos.com\/woodmart2\/makeup-elementor\/?page_id=171"},"modified":"2025-04-19T15:27:14","modified_gmt":"2025-04-19T15:27:14","slug":"about-us","status":"publish","type":"page","link":"https:\/\/fendakdardbagh.com\/fr\/about-us\/","title":{"rendered":"\u00c0 propos de nous"},"content":{"rendered":"<div data-elementor-type=\"wp-page\" data-elementor-id=\"171\" class=\"elementor elementor-171\">\n\t\t\t\t\t\t<section class=\"wd-negative-gap elementor-section elementor-top-section elementor-element elementor-element-380662c wd-section-stretch elementor-section-content-middle elementor-section-boxed elementor-section-height-default elementor-section-height-default\" data-id=\"380662c\" data-element_type=\"section\" data-settings=\"{&quot;background_background&quot;:&quot;classic&quot;}\">\n\t\t\t\t\t\t\t<div class=\"elementor-background-overlay\"><\/div>\n\t\t\t\t\t\t\t<div class=\"elementor-container elementor-column-gap-default\">\n\t\t\t\t\t<div class=\"elementor-column elementor-col-50 elementor-top-column elementor-element elementor-element-c20fbc1\" data-id=\"c20fbc1\" data-element_type=\"column\">\n\t\t\t<div class=\"elementor-widget-wrap elementor-element-populated\">\n\t\t\t\t\t\t<div class=\"elementor-element elementor-element-1c0905c elementor-widget elementor-widget-wd_image_or_svg\" data-id=\"1c0905c\" data-element_type=\"widget\" data-widget_type=\"wd_image_or_svg.default\">\n\t\t\t\t<div class=\"elementor-widget-container\">\n\t\t\t\t\t\n\t\t<div class=\"wd-image text-center\">\n\t\t\t\t\t\t\t\t<img fetchpriority=\"high\" decoding=\"async\" width=\"800\" height=\"600\" src=\"https:\/\/fendakdardbagh.com\/wp-content\/uploads\/2025\/04\/326021fd-5dc7-49b5-9813-afe3fdb35ecb.webp\" class=\"attachment-full size-full\" alt=\"\" srcset=\"https:\/\/fendakdardbagh.com\/wp-content\/uploads\/2025\/04\/326021fd-5dc7-49b5-9813-afe3fdb35ecb.webp 800w, https:\/\/fendakdardbagh.com\/wp-content\/uploads\/2025\/04\/326021fd-5dc7-49b5-9813-afe3fdb35ecb-300x225.webp 300w, https:\/\/fendakdardbagh.com\/wp-content\/uploads\/2025\/04\/326021fd-5dc7-49b5-9813-afe3fdb35ecb-768x576.webp 768w, https:\/\/fendakdardbagh.com\/wp-content\/uploads\/2025\/04\/326021fd-5dc7-49b5-9813-afe3fdb35ecb-16x12.webp 16w, https:\/\/fendakdardbagh.com\/wp-content\/uploads\/2025\/04\/326021fd-5dc7-49b5-9813-afe3fdb35ecb-150x113.webp 150w\" sizes=\"(max-width: 800px) 100vw, 800px\" \/>\t\t\t\t\t<\/div>\n\n\t\t\t\t\t\t<\/div>\n\t\t\t\t<\/div>\n\t\t\t\t\t<\/div>\n\t\t<\/div>\n\t\t\t\t<div class=\"elementor-column elementor-col-50 elementor-top-column elementor-element elementor-element-dcede40\" data-id=\"dcede40\" data-element_type=\"column\">\n\t\t\t<div class=\"elementor-widget-wrap elementor-element-populated\">\n\t\t\t\t\t\t<div class=\"elementor-element elementor-element-aedc4ad wd-width-100 elementor-widget elementor-widget-wd_title\" data-id=\"aedc4ad\" data-element_type=\"widget\" data-widget_type=\"wd_title.default\">\n\t\t\t\t<div class=\"elementor-widget-container\">\n\t\t\t\t\t\t\t<div class=\"title-wrapper wd-set-mb reset-last-child wd-title-color-primary wd-title-style-default wd-title-size-extra-large text-center\">\n\n\t\t\t\t\t\t\t\t\t\t\t<div class=\"title-subtitle subtitle-color-primary subtitle-style-default wd-fontsize-m\">\n\t\t\t\t\tL'histoire de Fendak Dar Dbagh\t\t\t\t<\/div>\n\t\t\t\n\t\t\t<div class=\"liner-continer\">\n\t\t\t\t<h4 class=\"woodmart-title-container title wd-fontsize-xxxl\">\u00c0 PROPOS DE NOUS<\/h4> \n\t\t\t\t\t\t\t<\/div>\n\n\t\t\t\t\t<\/div>\n\t\t\t\t\t\t<\/div>\n\t\t\t\t<\/div>\n\t\t\t\t<div class=\"elementor-element elementor-element-b5a91d8 elementor-widget elementor-widget-wd_text_block\" data-id=\"b5a91d8\" data-element_type=\"widget\" data-widget_type=\"wd_text_block.default\">\n\t\t\t\t<div class=\"elementor-widget-container\">\n\t\t\t\t\t\t\t<div class=\"wd-text-block reset-last-child text-left\">\n\t\t\t\n\t\t\t<p>La Coop\u00e9rative Natir pour la Production et la Promotion des Produits R\u00e9gionaux a \u00e9t\u00e9 fond\u00e9e en 2021 \u00e0 Tanger par un groupe de personnes exp\u00e9riment\u00e9es dans la production et la commercialisation de produits agricoles et d'artisanat traditionnel. La Coop\u00e9rative Natir a \u00e9t\u00e9 cr\u00e9\u00e9e pour g\u00e9rer le Fendak Dar Dbagh d\u00e9di\u00e9 aux produits r\u00e9gionaux, apr\u00e8s sa r\u00e9habilitation dans le cadre du Programme Royal de R\u00e9habilitation et de Promotion des Vieilles Villes.<\/p>\n\t\t\t\t\t<\/div>\n\t\t\t\t\t\t<\/div>\n\t\t\t\t<\/div>\n\t\t\t\t<div class=\"elementor-element elementor-element-abaac96 elementor-widget__width-auto elementor-widget elementor-widget-wd_button\" data-id=\"abaac96\" data-element_type=\"widget\" data-widget_type=\"wd_button.default\">\n\t\t\t\t<div class=\"elementor-widget-container\">\n\t\t\t\t\t\t\t<div class=\"wd-button-wrapper text-center\" >\n\t\t\t<a class=\"btn btn-style-default btn-shape-rectangle btn-size-default btn-color-primary btn-icon-pos-right\" href=\"https:\/\/fendakdardbagh.com\/fr\/shop\/\">\n\t\t\t\t<span class=\"wd-btn-text\" data-elementor-setting-key=\"text\">\n\t\t\t\t\tACHETEZ MAINTENANT\t\t\t\t<\/span>\n\n\t\t\t\t\t\t\t<\/a>\n\t\t<\/div>\n\t\t\t\t\t\t<\/div>\n\t\t\t\t<\/div>\n\t\t\t\t<div class=\"elementor-element elementor-element-3b99aa4 elementor-widget__width-auto elementor-widget elementor-widget-wd_button\" data-id=\"3b99aa4\" data-element_type=\"widget\" data-widget_type=\"wd_button.default\">\n\t\t\t\t<div class=\"elementor-widget-container\">\n\t\t\t\t\t\t\t<div class=\"wd-button-wrapper text-center\" >\n\t\t\t<a class=\"btn btn-style-bordered btn-shape-rectangle btn-size-default btn-icon-pos-right\"  href=\"https:\/\/fendakdardbagh.com\/fr\/about-us\/\">\n\t\t\t\t<span class=\"wd-btn-text\" data-elementor-setting-key=\"text\">\n\t\t\t\t\tEn savoir plus\t\t\t\t<\/span>\n\n\t\t\t\t\t\t\t<\/a>\n\t\t<\/div>\n\t\t\t\t\t\t<\/div>\n\t\t\t\t<\/div>\n\t\t\t\t<div class=\"elementor-element elementor-element-00b8f32 elementor-widget elementor-widget-spacer\" data-id=\"00b8f32\" data-element_type=\"widget\" data-widget_type=\"spacer.default\">\n\t\t\t\t<div class=\"elementor-widget-container\">\n\t\t\t\t\t\t\t<div class=\"elementor-spacer\">\n\t\t\t<div class=\"elementor-spacer-inner\"><\/div>\n\t\t<\/div>\n\t\t\t\t\t\t<\/div>\n\t\t\t\t<\/div>\n\t\t\t\t\t<\/div>\n\t\t<\/div>\n\t\t\t\t\t<\/div>\n\t\t<\/section>\n\t\t<div class=\"wd-negative-gap elementor-element elementor-element-09902fc e-flex e-con-boxed e-con e-parent\" data-id=\"09902fc\" data-element_type=\"container\">\n\t\t\t\t\t<div class=\"e-con-inner\">\n\t\t\t\t<div class=\"elementor-element elementor-element-7299852 elementor-widget elementor-widget-wd_marquee\" data-id=\"7299852\" data-element_type=\"widget\" data-widget_type=\"wd_marquee.default\">\n\t\t\t\t<div class=\"elementor-widget-container\">\n\t\t\t\t\t\t\t<div class=\"wd-marquee\">\n\t\t\t<div class=\"wd-marquee-content\">\n\t\t\t\t\t\t\t<span class=\"wd-marquee-item\">\n\t\t\t\t\n\t\t\t\t\t\t\t\t\t\ud83d\udc41 Authentic Moroccan Quality\n\t\t\t\t\n\t\t\t\t\t\t\t<\/span>\n\t\t\t\t\t\t<span class=\"wd-marquee-item\">\n\t\t\t\t\n\t\t\t\t\t\t\t\t\t\ud83e\uddfc Ingr\u00e9dients naturels uniquement\n\t\t\t\t\n\t\t\t\t\t\t\t<\/span>\n\t\t\t\t\t\t<span class=\"wd-marquee-item\">\n\t\t\t\t\n\t\t\t\t\t\t\t\t\t\ud83d\udee1 Artisanat local certifi\u00e9\n\t\t\t\t\n\t\t\t\t\t\t\t<\/span>\n\t\t\t\t\t\t<span class=\"wd-marquee-item\">\n\t\t\t\t\n\t\t\t\t\t\t\t\t\t\ud83c\udf3f Produits 100% naturels\t\t\t\t\n\t\t\t\t\t\t\t<\/span>\n\t\t\t\t\t\t<span class=\"wd-marquee-item\">\n\t\t\t\t\n\t\t\t\t\t\t\t\t\t\u2615 Dar Dbagh Cafeteria\t\t\t\t\n\t\t\t\t\t\t\t<\/span>\n\t\t\t\t\t\t<span class=\"wd-marquee-item\">\n\t\t\t\t\n\t\t\t\t\t\t\t\t\t\ud83d\udd4c Grande Mosqu\u00e9e de Tanger\n\t\t\t\t\n\t\t\t\t\t\t\t<\/span>\n\t\t\t\t\t\t<span class=\"wd-marquee-item\">\n\t\t\t\t\n\t\t\t\t\t\t\t\t\t\ud83c\udff0 Borj El Hajoui\n\t\t\t\t\n\t\t\t\t\t\t\t<\/span>\n\t\t\t\t\t\t<span class=\"wd-marquee-item\">\n\t\t\t\t\n\t\t\t\t\t\t\t\t\t\ud83d\udeaa Bab El Marsa\n\t\t\t\t\n\t\t\t\t\t\t\t<\/span>\n\t\t\t\t\t\t<span class=\"wd-marquee-item\">\n\t\t\t\t\n\t\t\t\t\t\t\t\t\t\ud83e\uddf5 Galerie d'artisanat \u00e0 Fendak Dar Dbagh\n\t\t\t\t\n\t\t\t\t\t\t\t<\/span>\n\t\t\t\t\t\t<span class=\"wd-marquee-item\">\n\t\t\t\t\n\t\t\t\t\t\t\t\t\t\ud83d\udecd Artisan Boutiques in the Medina\n\t\t\t\t\n\t\t\t\t\t\t\t<\/span>\n\t\t\t\t\t\t<\/div>\n\t\t\t<div class=\"wd-marquee-content\">\n\t\t\t\t\t\t\t<span class=\"wd-marquee-item\">\n\t\t\t\t\n\t\t\t\t\t\t\t\t\t\ud83d\udc41 Authentic Moroccan Quality\n\t\t\t\t\n\t\t\t\t\t\t\t<\/span>\n\t\t\t\t\t\t<span class=\"wd-marquee-item\">\n\t\t\t\t\n\t\t\t\t\t\t\t\t\t\ud83e\uddfc Ingr\u00e9dients naturels uniquement\n\t\t\t\t\n\t\t\t\t\t\t\t<\/span>\n\t\t\t\t\t\t<span class=\"wd-marquee-item\">\n\t\t\t\t\n\t\t\t\t\t\t\t\t\t\ud83d\udee1 Artisanat local certifi\u00e9\n\t\t\t\t\n\t\t\t\t\t\t\t<\/span>\n\t\t\t\t\t\t<span class=\"wd-marquee-item\">\n\t\t\t\t\n\t\t\t\t\t\t\t\t\t\ud83c\udf3f Produits 100% naturels\t\t\t\t\n\t\t\t\t\t\t\t<\/span>\n\t\t\t\t\t\t<span class=\"wd-marquee-item\">\n\t\t\t\t\n\t\t\t\t\t\t\t\t\t\u2615 Dar Dbagh Cafeteria\t\t\t\t\n\t\t\t\t\t\t\t<\/span>\n\t\t\t\t\t\t<span class=\"wd-marquee-item\">\n\t\t\t\t\n\t\t\t\t\t\t\t\t\t\ud83d\udd4c Grande Mosqu\u00e9e de Tanger\n\t\t\t\t\n\t\t\t\t\t\t\t<\/span>\n\t\t\t\t\t\t<span class=\"wd-marquee-item\">\n\t\t\t\t\n\t\t\t\t\t\t\t\t\t\ud83c\udff0 Borj El Hajoui\n\t\t\t\t\n\t\t\t\t\t\t\t<\/span>\n\t\t\t\t\t\t<span class=\"wd-marquee-item\">\n\t\t\t\t\n\t\t\t\t\t\t\t\t\t\ud83d\udeaa Bab El Marsa\n\t\t\t\t\n\t\t\t\t\t\t\t<\/span>\n\t\t\t\t\t\t<span class=\"wd-marquee-item\">\n\t\t\t\t\n\t\t\t\t\t\t\t\t\t\ud83e\uddf5 Galerie d'artisanat \u00e0 Fendak Dar Dbagh\n\t\t\t\t\n\t\t\t\t\t\t\t<\/span>\n\t\t\t\t\t\t<span class=\"wd-marquee-item\">\n\t\t\t\t\n\t\t\t\t\t\t\t\t\t\ud83d\udecd Artisan Boutiques in the Medina\n\t\t\t\t\n\t\t\t\t\t\t\t<\/span>\n\t\t\t\t\t\t<\/div>\n\t\t<\/div>\n\t\t\t\t\t\t<\/div>\n\t\t\t\t<\/div>\n\t\t\t\t\t<\/div>\n\t\t\t\t<\/div>\n\t\t<div class=\"wd-negative-gap elementor-element elementor-element-59ccf8d e-flex e-con-boxed e-con e-parent\" data-id=\"59ccf8d\" data-element_type=\"container\">\n\t\t\t\t\t<div class=\"e-con-inner\">\n\t\t\t\t<div class=\"elementor-element elementor-element-6afdb0e elementor-widget elementor-widget-spacer\" data-id=\"6afdb0e\" data-element_type=\"widget\" data-widget_type=\"spacer.default\">\n\t\t\t\t<div class=\"elementor-widget-container\">\n\t\t\t\t\t\t\t<div class=\"elementor-spacer\">\n\t\t\t<div class=\"elementor-spacer-inner\"><\/div>\n\t\t<\/div>\n\t\t\t\t\t\t<\/div>\n\t\t\t\t<\/div>\n\t\t\t\t\t<\/div>\n\t\t\t\t<\/div>\n\t\t<div class=\"wd-negative-gap elementor-element elementor-element-92d950e e-flex e-con-boxed e-con e-parent\" data-id=\"92d950e\" data-element_type=\"container\">\n\t\t\t\t\t<div class=\"e-con-inner\">\n\t\t<div class=\"elementor-element elementor-element-f89f3bc e-con-full e-flex e-con e-child\" data-id=\"f89f3bc\" data-element_type=\"container\">\n\t\t\t\t<div class=\"elementor-element elementor-element-6975400 wd-width-100 elementor-widget elementor-widget-wd_title\" data-id=\"6975400\" data-element_type=\"widget\" data-widget_type=\"wd_title.default\">\n\t\t\t\t<div class=\"elementor-widget-container\">\n\t\t\t\t\t\t\t<div class=\"title-wrapper wd-set-mb reset-last-child wd-title-color-default wd-title-style-default wd-title-size-default text-left\">\n\n\t\t\t\n\t\t\t<div class=\"liner-continer\">\n\t\t\t\t<h4 class=\"woodmart-title-container title wd-fontsize-l wd-underline-colored\"><u>Beaut\u00e9 <\/u> de Fendak Dar Dbagh<\/h4> \n\t\t\t\t\t\t\t<\/div>\n\n\t\t\t\t\t<\/div>\n\t\t\t\t\t\t<\/div>\n\t\t\t\t<\/div>\n\t\t\t\t<div class=\"elementor-element elementor-element-2017036 elementor-widget elementor-widget-wd_text_block\" data-id=\"2017036\" data-element_type=\"widget\" data-widget_type=\"wd_text_block.default\">\n\t\t\t\t<div class=\"elementor-widget-container\">\n\t\t\t\t\t\t\t<div class=\"wd-text-block reset-last-child text-left\">\n\t\t\t\n\t\t\t<div class=\"fusion-text fusion-text-11 sm-text-align-center\"><p>Chaque produit de beaut\u00e9 de Fendak Dar Dbagh r\u00e9v\u00e8le de nombreux secrets de beaut\u00e9 des femmes marocaines. C'est un h\u00e9ritage naturel laiss\u00e9 par les grands-m\u00e8res \u00e0 leurs petits-enfants, et il s'est d\u00e9velopp\u00e9 et est arriv\u00e9 \u00e0 ce qu'il est aujourd'hui gr\u00e2ce \u00e0 leurs efforts pour pr\u00e9server leur patrimoine culturel, comme la magie que l'huile d'argan apporte \u00e0 la peau. Nous avons \u00e9galement du savon de campagne traditionnel extrait de l'huile d'olive, du c\u00e9l\u00e8bre sang de gazelle et de nombreux autres produits que vous d\u00e9couvrirez plus tard.<\/p><\/div><div class=\"sm-text-align-center\">\u00a0<\/div>\n\t\t\t\t\t<\/div>\n\t\t\t\t\t\t<\/div>\n\t\t\t\t<\/div>\n\t\t\t\t<div class=\"elementor-element elementor-element-3a3a5ee elementor-widget elementor-widget-wd_marquee\" data-id=\"3a3a5ee\" data-element_type=\"widget\" data-widget_type=\"wd_marquee.default\">\n\t\t\t\t<div class=\"elementor-widget-container\">\n\t\t\t\t\t\t\t<div class=\"wd-marquee\">\n\t\t\t<div class=\"wd-marquee-content\">\n\t\t\t\t\t\t\t<span class=\"wd-marquee-item\">\n\t\t\t\t\n\t\t\t\t\t\t\t\t\t\ud83c\udf3f Produits 100% naturels \ud83d\udc8e\t\t\t\t\n\t\t\t\t\t\t\t<\/span>\n\t\t\t\t\t\t<span class=\"wd-marquee-item\">\n\t\t\t\t\n\t\t\t\t\t\t\t\t\t \ud83e\uddfa Fait main avec amour \u2705\t\t\t\t\n\t\t\t\t\t\t\t<\/span>\n\t\t\t\t\t\t<span class=\"wd-marquee-item\">\n\t\t\t\t\n\t\t\t\t\t\t\t\t\t\ud83d\udce6 Livraison rapide et s\u00e9curis\u00e9e \ud83d\udccd\t\t\t\t\n\t\t\t\t\t\t\t<\/span>\n\t\t\t\t\t\t<span class=\"wd-marquee-item\">\n\t\t\t\t\n\t\t\t\t\t\t\t\t\t\ud83d\udd25 Fendak Dar Dbagh - OFFRES &amp; PROMOTIONS EXCLUSIVES ! \ud83c\udf81\t\t\t\t\n\t\t\t\t\t\t\t<\/span>\n\t\t\t\t\t\t<\/div>\n\t\t\t<div class=\"wd-marquee-content\">\n\t\t\t\t\t\t\t<span class=\"wd-marquee-item\">\n\t\t\t\t\n\t\t\t\t\t\t\t\t\t\ud83c\udf3f Produits 100% naturels \ud83d\udc8e\t\t\t\t\n\t\t\t\t\t\t\t<\/span>\n\t\t\t\t\t\t<span class=\"wd-marquee-item\">\n\t\t\t\t\n\t\t\t\t\t\t\t\t\t \ud83e\uddfa Fait main avec amour \u2705\t\t\t\t\n\t\t\t\t\t\t\t<\/span>\n\t\t\t\t\t\t<span class=\"wd-marquee-item\">\n\t\t\t\t\n\t\t\t\t\t\t\t\t\t\ud83d\udce6 Livraison rapide et s\u00e9curis\u00e9e \ud83d\udccd\t\t\t\t\n\t\t\t\t\t\t\t<\/span>\n\t\t\t\t\t\t<span class=\"wd-marquee-item\">\n\t\t\t\t\n\t\t\t\t\t\t\t\t\t\ud83d\udd25 Fendak Dar Dbagh - OFFRES &amp; PROMOTIONS EXCLUSIVES ! \ud83c\udf81\t\t\t\t\n\t\t\t\t\t\t\t<\/span>\n\t\t\t\t\t\t<\/div>\n\t\t<\/div>\n\t\t\t\t\t\t<\/div>\n\t\t\t\t<\/div>\n\t\t\t\t<\/div>\n\t\t<div class=\"elementor-element elementor-element-abcd356 e-con-full e-flex e-con e-child\" data-id=\"abcd356\" data-element_type=\"container\">\n\t\t\t\t<div class=\"elementor-element elementor-element-8dd2cc3 wd-width-100 elementor-widget elementor-widget-wd_video\" data-id=\"8dd2cc3\" data-element_type=\"widget\" data-widget_type=\"wd_video.default\">\n\t\t\t\t<div class=\"elementor-widget-container\">\n\t\t\t\t\t\n\t\t<div class=\"wd-el-video wd-action-overlay wd-video-youtube\">\n\t\t\t\t\t\t\t<iframe data-lazy-load=\"https:\/\/www.youtube.com\/embed\/IvNJnNZplUY?feature=oembed&loop=0&mute=0&controls=1\" allowfullscreen allow=\"accelerometer; autoplay; encrypted-media; gyroscope; picture-in-picture\" width=\"100%\" height=\"100%\" loading=\"lazy\"><\/iframe>\t\t\t\n\t\t\t\n\t\t\t\n\t\t\t\t\t\t\t<div class=\"wd-el-video-overlay wd-fill\">\n\t\t\t\t\t<img decoding=\"async\" width=\"1000\" height=\"667\" src=\"https:\/\/fendakdardbagh.com\/wp-content\/uploads\/2025\/04\/moroccan-traditional.jpg\" class=\"attachment-full size-full\" alt=\"\" srcset=\"https:\/\/fendakdardbagh.com\/wp-content\/uploads\/2025\/04\/moroccan-traditional.jpg 1000w, https:\/\/fendakdardbagh.com\/wp-content\/uploads\/2025\/04\/moroccan-traditional-300x200.jpg 300w, https:\/\/fendakdardbagh.com\/wp-content\/uploads\/2025\/04\/moroccan-traditional-768x512.jpg 768w, https:\/\/fendakdardbagh.com\/wp-content\/uploads\/2025\/04\/moroccan-traditional-18x12.jpg 18w, https:\/\/fendakdardbagh.com\/wp-content\/uploads\/2025\/04\/moroccan-traditional-150x100.jpg 150w\" sizes=\"(max-width: 1000px) 100vw, 1000px\" \/>\t\t\t\t<\/div>\n\t\t\t\t<div class=\"wd-el-video-control color-scheme-light wd-fill\">\n\t\t\t\t\t<span class=\"wd-el-video-play-btn\"><\/span>\n\t\t\t\t\t\t\t\t\t<\/div>\n\n\t\t\t\t<a class=\"wd-el-video-link wd-el-video-btn-overlay wd-fill\" href=\"https:\/\/www.youtube.com\/watch?v=IvNJnNZplUY\" target=\"_blank\" rel=\"noopener\"><\/a>\n\t\t\t\t\t<\/div>\n\t\t\t\t\t\t<\/div>\n\t\t\t\t<\/div>\n\t\t\t\t<\/div>\n\t\t\t\t\t<\/div>\n\t\t\t\t<\/div>\n\t\t\t\t<section class=\"wd-negative-gap elementor-section elementor-top-section elementor-element elementor-element-386b058 wd-section-stretch elementor-section-content-middle elementor-section-boxed elementor-section-height-default elementor-section-height-default\" data-id=\"386b058\" data-element_type=\"section\" data-settings=\"{&quot;background_background&quot;:&quot;classic&quot;}\">\n\t\t\t\t\t\t\t<div class=\"elementor-background-overlay\"><\/div>\n\t\t\t\t\t\t\t<div class=\"elementor-container elementor-column-gap-default\">\n\t\t\t\t\t<div class=\"elementor-column elementor-col-50 elementor-top-column elementor-element elementor-element-e8a5394\" data-id=\"e8a5394\" data-element_type=\"column\">\n\t\t\t<div class=\"elementor-widget-wrap elementor-element-populated\">\n\t\t\t\t\t\t<div class=\"elementor-element elementor-element-2f1ff9f elementor-widget elementor-widget-wd_image_or_svg\" data-id=\"2f1ff9f\" data-element_type=\"widget\" data-widget_type=\"wd_image_or_svg.default\">\n\t\t\t\t<div class=\"elementor-widget-container\">\n\t\t\t\t\t\n\t\t<div class=\"wd-image text-center\">\n\t\t\t\t\t\t\t\t<img decoding=\"async\" width=\"1200\" height=\"900\" src=\"https:\/\/fendakdardbagh.com\/wp-content\/uploads\/2025\/04\/50f1944a-eb09-4de4-8411-e941e119440a.webp\" class=\"attachment-full size-full\" alt=\"\" srcset=\"https:\/\/fendakdardbagh.com\/wp-content\/uploads\/2025\/04\/50f1944a-eb09-4de4-8411-e941e119440a.webp 1200w, https:\/\/fendakdardbagh.com\/wp-content\/uploads\/2025\/04\/50f1944a-eb09-4de4-8411-e941e119440a-300x225.webp 300w, https:\/\/fendakdardbagh.com\/wp-content\/uploads\/2025\/04\/50f1944a-eb09-4de4-8411-e941e119440a-1024x768.webp 1024w, https:\/\/fendakdardbagh.com\/wp-content\/uploads\/2025\/04\/50f1944a-eb09-4de4-8411-e941e119440a-768x576.webp 768w, https:\/\/fendakdardbagh.com\/wp-content\/uploads\/2025\/04\/50f1944a-eb09-4de4-8411-e941e119440a-16x12.webp 16w, https:\/\/fendakdardbagh.com\/wp-content\/uploads\/2025\/04\/50f1944a-eb09-4de4-8411-e941e119440a-150x113.webp 150w\" sizes=\"(max-width: 1200px) 100vw, 1200px\" \/>\t\t\t\t\t<\/div>\n\n\t\t\t\t\t\t<\/div>\n\t\t\t\t<\/div>\n\t\t\t\t\t<\/div>\n\t\t<\/div>\n\t\t\t\t<div class=\"elementor-column elementor-col-50 elementor-top-column elementor-element elementor-element-63ba174\" data-id=\"63ba174\" data-element_type=\"column\">\n\t\t\t<div class=\"elementor-widget-wrap elementor-element-populated\">\n\t\t\t\t\t\t<div class=\"elementor-element elementor-element-51ac6c3 wd-width-100 elementor-widget elementor-widget-wd_title\" data-id=\"51ac6c3\" data-element_type=\"widget\" data-widget_type=\"wd_title.default\">\n\t\t\t\t<div class=\"elementor-widget-container\">\n\t\t\t\t\t\t\t<div class=\"title-wrapper wd-set-mb reset-last-child wd-title-color-primary wd-title-style-default wd-title-size-extra-large text-center\">\n\n\t\t\t\t\t\t\t\t\t\t\t<div class=\"title-subtitle subtitle-color-primary subtitle-style-default wd-fontsize-m\">\n\t\t\t\t\tFendak Dar Dbagh<br \/>\n\t\t\t\t<\/div>\n\t\t\t\n\t\t\t<div class=\"liner-continer\">\n\t\t\t\t<h4 class=\"woodmart-title-container title wd-fontsize-xxxl\">Caf\u00e9t\u00e9ria<\/h4> \n\t\t\t\t\t\t\t<\/div>\n\n\t\t\t\t\t<\/div>\n\t\t\t\t\t\t<\/div>\n\t\t\t\t<\/div>\n\t\t\t\t<div class=\"elementor-element elementor-element-1bac645 elementor-widget elementor-widget-wd_text_block\" data-id=\"1bac645\" data-element_type=\"widget\" data-widget_type=\"wd_text_block.default\">\n\t\t\t\t<div class=\"elementor-widget-container\">\n\t\t\t\t\t\t\t<div class=\"wd-text-block reset-last-child text-left\">\n\t\t\t\n\t\t\t<div class=\"fusion-text fusion-text-9 md-text-align-center sm-text-align-center\"><p>Ce qui facilite l'acc\u00e8s au Restaurant Dar Debagh. Ce dernier est situ\u00e9 \u00e0 l'int\u00e9rieur d'un b\u00e2timent historique construit au XVIIe si\u00e8cle. D\u00e8s que vous posez les pieds dans le b\u00e2timent, votre souvenir vous ram\u00e8ne des centaines d'ann\u00e9es en arri\u00e8re. La fa\u00e7on dont le b\u00e2timent a \u00e9t\u00e9 construit et l'art architectural utilis\u00e9 lui conf\u00e8rent un caract\u00e8re marocain authentique dans les portes en bois cintr\u00e9es, les grandes fen\u00eatres, les chaises et les tables traditionnelles, vous donnant l'impression d'avoir voyag\u00e9 dans le temps.\u00a0 Le restaurant Dar Debagh est sp\u00e9cialis\u00e9 dans la cuisine marocaine, qui se distingue par sa diversit\u00e9 et sa richesse, car elle refl\u00e8te le patrimoine culturel du pays.<\/p><\/div><div class=\"md-text-align-center sm-text-align-center\">\u00a0<\/div>\n\t\t\t\t\t<\/div>\n\t\t\t\t\t\t<\/div>\n\t\t\t\t<\/div>\n\t\t\t\t<div class=\"elementor-element elementor-element-376498f elementor-widget__width-auto elementor-widget elementor-widget-wd_button\" data-id=\"376498f\" data-element_type=\"widget\" data-widget_type=\"wd_button.default\">\n\t\t\t\t<div class=\"elementor-widget-container\">\n\t\t\t\t\t\t\t<div class=\"wd-button-wrapper text-center\" >\n\t\t\t<a class=\"btn btn-style-default btn-shape-rectangle btn-size-default btn-color-primary btn-icon-pos-right\" href=\"https:\/\/fendakdardbagh.com\/fr\/shop\/\">\n\t\t\t\t<span class=\"wd-btn-text\" data-elementor-setting-key=\"text\">\n\t\t\t\t\tACHETEZ MAINTENANT\t\t\t\t<\/span>\n\n\t\t\t\t\t\t\t<\/a>\n\t\t<\/div>\n\t\t\t\t\t\t<\/div>\n\t\t\t\t<\/div>\n\t\t\t\t<div class=\"elementor-element elementor-element-14ff3a7 elementor-widget elementor-widget-spacer\" data-id=\"14ff3a7\" data-element_type=\"widget\" data-widget_type=\"spacer.default\">\n\t\t\t\t<div class=\"elementor-widget-container\">\n\t\t\t\t\t\t\t<div class=\"elementor-spacer\">\n\t\t\t<div class=\"elementor-spacer-inner\"><\/div>\n\t\t<\/div>\n\t\t\t\t\t\t<\/div>\n\t\t\t\t<\/div>\n\t\t\t\t\t<\/div>\n\t\t<\/div>\n\t\t\t\t\t<\/div>\n\t\t<\/section>\n\t\t\t\t<\/div>","protected":false},"excerpt":{"rendered":"<p>The story of Fendak Dar Dbagh ABOUT US The Natir Cooperative for the Production and Promotion of Regional Products was<\/p>","protected":false},"author":1,"featured_media":0,"parent":0,"menu_order":0,"comment_status":"closed","ping_status":"closed","template":"","meta":{"_joinchat":[],"footnotes":""},"class_list":["post-171","page","type-page","status-publish","hentry"],"_links":{"self":[{"href":"https:\/\/fendakdardbagh.com\/fr\/wp-json\/wp\/v2\/pages\/171","targetHints":{"allow":["GET"]}}],"collection":[{"href":"https:\/\/fendakdardbagh.com\/fr\/wp-json\/wp\/v2\/pages"}],"about":[{"href":"https:\/\/fendakdardbagh.com\/fr\/wp-json\/wp\/v2\/types\/page"}],"author":[{"embeddable":true,"href":"https:\/\/fendakdardbagh.com\/fr\/wp-json\/wp\/v2\/users\/1"}],"replies":[{"embeddable":true,"href":"https:\/\/fendakdardbagh.com\/fr\/wp-json\/wp\/v2\/comments?post=171"}],"version-history":[{"count":30,"href":"https:\/\/fendakdardbagh.com\/fr\/wp-json\/wp\/v2\/pages\/171\/revisions"}],"predecessor-version":[{"id":1205,"href":"https:\/\/fendakdardbagh.com\/fr\/wp-json\/wp\/v2\/pages\/171\/revisions\/1205"}],"wp:attachment":[{"href":"https:\/\/fendakdardbagh.com\/fr\/wp-json\/wp\/v2\/media?parent=171"}],"curies":[{"name":"wp","href":"https:\/\/api.w.org\/{rel}","templated":true}]}}