{"id":923,"date":"2025-04-09T01:26:32","date_gmt":"2025-04-09T01:26:32","guid":{"rendered":"https:\/\/a.abdellahaarab.com\/?page_id=923"},"modified":"2025-04-13T12:38:18","modified_gmt":"2025-04-13T12:38:18","slug":"cafeteria","status":"publish","type":"page","link":"https:\/\/fendakdardbagh.com\/fr\/cafeteria\/","title":{"rendered":"Caf\u00e9t\u00e9ria"},"content":{"rendered":"<div data-elementor-type=\"wp-page\" data-elementor-id=\"923\" class=\"elementor elementor-923\">\n\t\t\t\t\t\t<section class=\"wd-negative-gap elementor-section elementor-top-section elementor-element elementor-element-386b058 wd-section-stretch elementor-section-content-middle elementor-section-boxed elementor-section-height-default elementor-section-height-default\" data-id=\"386b058\" data-element_type=\"section\" data-settings=\"{&quot;background_background&quot;:&quot;classic&quot;}\">\n\t\t\t\t\t\t\t<div class=\"elementor-background-overlay\"><\/div>\n\t\t\t\t\t\t\t<div class=\"elementor-container elementor-column-gap-default\">\n\t\t\t\t\t<div class=\"elementor-column elementor-col-50 elementor-top-column elementor-element elementor-element-e8a5394\" data-id=\"e8a5394\" data-element_type=\"column\">\n\t\t\t<div class=\"elementor-widget-wrap elementor-element-populated\">\n\t\t\t\t\t\t<div class=\"elementor-element elementor-element-2f1ff9f elementor-widget elementor-widget-wd_image_or_svg\" data-id=\"2f1ff9f\" data-element_type=\"widget\" data-widget_type=\"wd_image_or_svg.default\">\n\t\t\t\t<div class=\"elementor-widget-container\">\n\t\t\t\t\t\n\t\t<div class=\"wd-image text-center\">\n\t\t\t\t\t\t\t\t<img fetchpriority=\"high\" decoding=\"async\" width=\"1440\" height=\"1080\" src=\"https:\/\/fendakdardbagh.com\/wp-content\/uploads\/2025\/04\/home-page-pic-2.webp\" class=\"attachment-full size-full\" alt=\"\" srcset=\"https:\/\/fendakdardbagh.com\/wp-content\/uploads\/2025\/04\/home-page-pic-2.webp 1440w, https:\/\/fendakdardbagh.com\/wp-content\/uploads\/2025\/04\/home-page-pic-2-150x113.webp 150w, https:\/\/fendakdardbagh.com\/wp-content\/uploads\/2025\/04\/home-page-pic-2-1200x900.webp 1200w, https:\/\/fendakdardbagh.com\/wp-content\/uploads\/2025\/04\/home-page-pic-2-300x225.webp 300w, https:\/\/fendakdardbagh.com\/wp-content\/uploads\/2025\/04\/home-page-pic-2-1024x768.webp 1024w, https:\/\/fendakdardbagh.com\/wp-content\/uploads\/2025\/04\/home-page-pic-2-768x576.webp 768w\" sizes=\"(max-width: 1440px) 100vw, 1440px\" \/>\t\t\t\t\t<\/div>\n\n\t\t\t\t\t\t<\/div>\n\t\t\t\t<\/div>\n\t\t\t\t\t<\/div>\n\t\t<\/div>\n\t\t\t\t<div class=\"elementor-column elementor-col-50 elementor-top-column elementor-element elementor-element-63ba174\" data-id=\"63ba174\" data-element_type=\"column\">\n\t\t\t<div class=\"elementor-widget-wrap elementor-element-populated\">\n\t\t\t\t\t\t<div class=\"elementor-element elementor-element-51ac6c3 wd-width-100 elementor-widget elementor-widget-wd_title\" data-id=\"51ac6c3\" data-element_type=\"widget\" data-widget_type=\"wd_title.default\">\n\t\t\t\t<div class=\"elementor-widget-container\">\n\t\t\t\t\t\t\t<div class=\"title-wrapper wd-set-mb reset-last-child wd-title-color-primary wd-title-style-default wd-title-size-extra-large text-center\">\n\n\t\t\t\t\t\t\t\t\t\t\t<div class=\"title-subtitle subtitle-color-primary subtitle-style-default wd-fontsize-m\">\n\t\t\t\t\tFendak Dar Dbagh<br \/>\n\t\t\t\t<\/div>\n\t\t\t\n\t\t\t<div class=\"liner-continer\">\n\t\t\t\t<h4 class=\"woodmart-title-container title wd-fontsize-xxxl\">Caf\u00e9t\u00e9ria<\/h4> \n\t\t\t\t\t\t\t<\/div>\n\n\t\t\t\t\t<\/div>\n\t\t\t\t\t\t<\/div>\n\t\t\t\t<\/div>\n\t\t\t\t<div class=\"elementor-element elementor-element-1bac645 elementor-widget elementor-widget-wd_text_block\" data-id=\"1bac645\" data-element_type=\"widget\" data-widget_type=\"wd_text_block.default\">\n\t\t\t\t<div class=\"elementor-widget-container\">\n\t\t\t\t\t\t\t<div class=\"wd-text-block reset-last-child text-left\">\n\t\t\t\n\t\t\t<div class=\"fusion-text fusion-text-9 md-text-align-center sm-text-align-center\"><p>Ce qui facilite l'acc\u00e8s au Restaurant Dar Debagh. Ce dernier est situ\u00e9 \u00e0 l'int\u00e9rieur d'un b\u00e2timent historique construit au XVIIe si\u00e8cle. D\u00e8s que vous posez les pieds dans le b\u00e2timent, votre souvenir vous ram\u00e8ne des centaines d'ann\u00e9es en arri\u00e8re. La fa\u00e7on dont le b\u00e2timent a \u00e9t\u00e9 construit et l'art architectural utilis\u00e9 lui conf\u00e8rent un caract\u00e8re marocain authentique dans les portes en bois cintr\u00e9es, les grandes fen\u00eatres, les chaises et les tables traditionnelles, vous donnant l'impression d'avoir voyag\u00e9 dans le temps.\u00a0 Le restaurant Dar Debagh est sp\u00e9cialis\u00e9 dans la cuisine marocaine, qui se distingue par sa diversit\u00e9 et sa richesse, car elle refl\u00e8te le patrimoine culturel du pays.<\/p><\/div><div class=\"md-text-align-center sm-text-align-center\">\u00a0<\/div>\n\t\t\t\t\t<\/div>\n\t\t\t\t\t\t<\/div>\n\t\t\t\t<\/div>\n\t\t\t\t<div class=\"elementor-element elementor-element-376498f elementor-widget__width-auto elementor-widget elementor-widget-wd_button\" data-id=\"376498f\" data-element_type=\"widget\" data-widget_type=\"wd_button.default\">\n\t\t\t\t<div class=\"elementor-widget-container\">\n\t\t\t\t\t\t\t<div class=\"wd-button-wrapper text-center\" >\n\t\t\t<a class=\"btn btn-style-default btn-shape-rectangle btn-size-default btn-color-primary btn-icon-pos-right\"  href=\"https:\/\/fendakdardbagh.com\/fr\/shop\/\">\n\t\t\t\t<span class=\"wd-btn-text\" data-elementor-setting-key=\"text\">\n\t\t\t\t\tACHETEZ MAINTENANT\t\t\t\t<\/span>\n\n\t\t\t\t\t\t\t<\/a>\n\t\t<\/div>\n\t\t\t\t\t\t<\/div>\n\t\t\t\t<\/div>\n\t\t\t\t<div class=\"elementor-element elementor-element-14ff3a7 elementor-widget elementor-widget-spacer\" data-id=\"14ff3a7\" data-element_type=\"widget\" data-widget_type=\"spacer.default\">\n\t\t\t\t<div class=\"elementor-widget-container\">\n\t\t\t\t\t\t\t<div class=\"elementor-spacer\">\n\t\t\t<div class=\"elementor-spacer-inner\"><\/div>\n\t\t<\/div>\n\t\t\t\t\t\t<\/div>\n\t\t\t\t<\/div>\n\t\t\t\t\t<\/div>\n\t\t<\/div>\n\t\t\t\t\t<\/div>\n\t\t<\/section>\n\t\t\t\t<section class=\"wd-negative-gap elementor-section elementor-top-section elementor-element elementor-element-c079f8f wd-section-stretch elementor-section-content-middle elementor-section-boxed elementor-section-height-default elementor-section-height-default\" data-id=\"c079f8f\" data-element_type=\"section\" data-settings=\"{&quot;background_background&quot;:&quot;classic&quot;}\">\n\t\t\t\t\t\t\t<div class=\"elementor-background-overlay\"><\/div>\n\t\t\t\t\t\t\t<div class=\"elementor-container elementor-column-gap-default\">\n\t\t\t\t\t<div class=\"elementor-column elementor-col-100 elementor-top-column elementor-element elementor-element-8935c3a\" data-id=\"8935c3a\" data-element_type=\"column\">\n\t\t\t<div class=\"elementor-widget-wrap elementor-element-populated\">\n\t\t\t\t\t\t<div class=\"elementor-element elementor-element-22ee44d wd-width-100 elementor-widget elementor-widget-wd_title\" data-id=\"22ee44d\" data-element_type=\"widget\" data-widget_type=\"wd_title.default\">\n\t\t\t\t<div class=\"elementor-widget-container\">\n\t\t\t\t\t\t\t<div class=\"title-wrapper wd-set-mb reset-last-child wd-title-color-primary wd-title-style-default wd-title-size-extra-large text-center\">\n\n\t\t\t\t\t\t\t\t\t\t\t<div class=\"title-subtitle subtitle-color-primary subtitle-style-default wd-fontsize-m\">\n\t\t\t\t\tD\u00e9couvrez les plats les plus d\u00e9licieux du Fendak Dar Dbagh<br \/>\n<br \/>\n\t\t\t\t<\/div>\n\t\t\t\n\t\t\t<div class=\"liner-continer\">\n\t\t\t\t<h4 class=\"woodmart-title-container title wd-fontsize-xxxl\">MENU<\/h4> \n\t\t\t\t\t\t\t<\/div>\n\n\t\t\t\t\t<\/div>\n\t\t\t\t\t\t<\/div>\n\t\t\t\t<\/div>\n\t\t\t\t<div class=\"elementor-element elementor-element-abbdb00 elementor-widget elementor-widget-wd_text_block\" data-id=\"abbdb00\" data-element_type=\"widget\" data-widget_type=\"wd_text_block.default\">\n\t\t\t\t<div class=\"elementor-widget-container\">\n\t\t\t\t\t\t\t<div class=\"wd-text-block reset-last-child text-center\">\n\t\t\t\n\t\t\t<div class=\"fusion-text fusion-text-3\"><p>Nous sommes fiers de vous proposer une vari\u00e9t\u00e9 de plats pr\u00e9par\u00e9s \u00e0 partir d'ingr\u00e9dients naturels, vous garantissant un go\u00fbt d\u00e9licieux et une alimentation riche en vitamines et min\u00e9raux. D\u00e9couvrez le go\u00fbt d'aliments frais et nutritifs qui am\u00e9liorent votre sant\u00e9 et vous procurent une \u00e9nergie incomparable tout au long de la journ\u00e9e.<\/p><\/div><div class=\"fusion-title title fusion-title-2 fusion-sep-none fusion-title-center fusion-title-text fusion-title-size-three\"><h3 class=\"title-heading-center\">\u00a0<\/h3><\/div>\n\t\t\t\t\t<\/div>\n\t\t\t\t\t\t<\/div>\n\t\t\t\t<\/div>\n\t\t\t\t<div class=\"elementor-element elementor-element-fe526ae elementor-widget elementor-widget-spacer\" data-id=\"fe526ae\" data-element_type=\"widget\" data-widget_type=\"spacer.default\">\n\t\t\t\t<div class=\"elementor-widget-container\">\n\t\t\t\t\t\t\t<div class=\"elementor-spacer\">\n\t\t\t<div class=\"elementor-spacer-inner\"><\/div>\n\t\t<\/div>\n\t\t\t\t\t\t<\/div>\n\t\t\t\t<\/div>\n\t\t\t\t\t<\/div>\n\t\t<\/div>\n\t\t\t\t\t<\/div>\n\t\t<\/section>\n\t\t<div class=\"wd-negative-gap elementor-element elementor-element-1caa6f6 e-flex e-con-boxed e-con e-parent\" data-id=\"1caa6f6\" data-element_type=\"container\">\n\t\t\t\t\t<div class=\"e-con-inner\">\n\t\t\t\t<div class=\"elementor-element elementor-element-39bb052 wd-width-100 elementor-widget elementor-widget-wd_title\" data-id=\"39bb052\" data-element_type=\"widget\" data-widget_type=\"wd_title.default\">\n\t\t\t\t<div class=\"elementor-widget-container\">\n\t\t\t\t\t\t\t<div class=\"title-wrapper wd-set-mb reset-last-child wd-title-color-primary wd-title-style-default wd-title-size-extra-large text-center\">\n\n\t\t\t\t\t\t\t\t\t\t\t<div class=\"title-subtitle subtitle-color-primary subtitle-style-default wd-fontsize-m\">\n\t\t\t\t\tARABE\t\t\t\t<\/div>\n\t\t\t\n\t\t\t<div class=\"liner-continer\">\n\t\t\t\t<h4 class=\"woodmart-title-container title wd-fontsize-xxxl\"><\/h4> \n\t\t\t\t\t\t\t<\/div>\n\n\t\t\t\t\t<\/div>\n\t\t\t\t\t\t<\/div>\n\t\t\t\t<\/div>\n\t\t\t\t\t<\/div>\n\t\t\t\t<\/div>\n\t\t<div class=\"wd-negative-gap elementor-element elementor-element-12cb725 e-flex e-con-boxed e-con e-parent\" data-id=\"12cb725\" data-element_type=\"container\">\n\t\t\t\t\t<div class=\"e-con-inner\">\n\t\t\t\t<div class=\"elementor-element elementor-element-c726acd elementor-widget elementor-widget-image-gallery\" data-id=\"c726acd\" data-element_type=\"widget\" data-widget_type=\"image-gallery.default\">\n\t\t\t\t<div class=\"elementor-widget-container\">\n\t\t\t\t\t\t\t<div class=\"elementor-image-gallery\">\n\t\t\t\n\t\t<style type=\"text\/css\">\n\t\t\t#gallery-1 {\n\t\t\t\tmargin: auto;\n\t\t\t}\n\t\t\t#gallery-1 .gallery-item {\n\t\t\t\tfloat: left;\n\t\t\t\tmargin-top: 10px;\n\t\t\t\ttext-align: center;\n\t\t\t\twidth: 25%;\n\t\t\t}\n\t\t\t#gallery-1 img {\n\t\t\t\tborder: 2px solid #cfcfcf;\n\t\t\t}\n\t\t\t#gallery-1 .gallery-caption {\n\t\t\t\tmargin-left: 0;\n\t\t\t}\n\t\t\t\/* see gallery_shortcode() in wp-includes\/media.php *\/\n\t\t<\/style>\n\t\t<div id='gallery-1' class='gallery galleryid-923 gallery-columns-4 gallery-size-large'><dl class='gallery-item'>\n\t\t\t<dt class='gallery-icon portrait'>\n\t\t\t\t<a data-elementor-open-lightbox=\"yes\" data-elementor-lightbox-slideshow=\"c726acd\" data-elementor-lightbox-title=\"AR1\" data-e-action-hash=\"#elementor-action%3Aaction%3Dlightbox%26settings%3DeyJpZCI6OTI2LCJ1cmwiOiJodHRwczpcL1wvZmVuZGFrZGFyZGJhZ2guY29tXC93cC1jb250ZW50XC91cGxvYWRzXC8yMDI1XC8wNFwvQVIxLS53ZWJwIiwic2xpZGVzaG93IjoiYzcyNmFjZCJ9\" href='https:\/\/fendakdardbagh.com\/wp-content\/uploads\/2025\/04\/AR1-.webp'><img decoding=\"async\" width=\"724\" height=\"1024\" src=\"https:\/\/fendakdardbagh.com\/wp-content\/uploads\/2025\/04\/AR1-.webp\" class=\"attachment-large size-large\" alt=\"\" srcset=\"https:\/\/fendakdardbagh.com\/wp-content\/uploads\/2025\/04\/AR1-.webp 724w, https:\/\/fendakdardbagh.com\/wp-content\/uploads\/2025\/04\/AR1--212x300.webp 212w, https:\/\/fendakdardbagh.com\/wp-content\/uploads\/2025\/04\/AR1--8x12.webp 8w, https:\/\/fendakdardbagh.com\/wp-content\/uploads\/2025\/04\/AR1--150x212.webp 150w\" sizes=\"(max-width: 724px) 100vw, 724px\" \/><\/a>\n\t\t\t<\/dt><\/dl><dl class='gallery-item'>\n\t\t\t<dt class='gallery-icon portrait'>\n\t\t\t\t<a data-elementor-open-lightbox=\"yes\" data-elementor-lightbox-slideshow=\"c726acd\" data-elementor-lightbox-title=\"AR2\" data-e-action-hash=\"#elementor-action%3Aaction%3Dlightbox%26settings%3DeyJpZCI6OTI3LCJ1cmwiOiJodHRwczpcL1wvZmVuZGFrZGFyZGJhZ2guY29tXC93cC1jb250ZW50XC91cGxvYWRzXC8yMDI1XC8wNFwvQVIyLndlYnAiLCJzbGlkZXNob3ciOiJjNzI2YWNkIn0%3D\" href='https:\/\/fendakdardbagh.com\/wp-content\/uploads\/2025\/04\/AR2.webp'><img decoding=\"async\" width=\"724\" height=\"1024\" src=\"https:\/\/fendakdardbagh.com\/wp-content\/uploads\/2025\/04\/AR2.webp\" class=\"attachment-large size-large\" alt=\"\" srcset=\"https:\/\/fendakdardbagh.com\/wp-content\/uploads\/2025\/04\/AR2.webp 724w, https:\/\/fendakdardbagh.com\/wp-content\/uploads\/2025\/04\/AR2-212x300.webp 212w, https:\/\/fendakdardbagh.com\/wp-content\/uploads\/2025\/04\/AR2-8x12.webp 8w, https:\/\/fendakdardbagh.com\/wp-content\/uploads\/2025\/04\/AR2-150x212.webp 150w\" sizes=\"(max-width: 724px) 100vw, 724px\" \/><\/a>\n\t\t\t<\/dt><\/dl><dl class='gallery-item'>\n\t\t\t<dt class='gallery-icon portrait'>\n\t\t\t\t<a data-elementor-open-lightbox=\"yes\" data-elementor-lightbox-slideshow=\"c726acd\" data-elementor-lightbox-title=\"AR3\" data-e-action-hash=\"#elementor-action%3Aaction%3Dlightbox%26settings%3DeyJpZCI6OTI4LCJ1cmwiOiJodHRwczpcL1wvZmVuZGFrZGFyZGJhZ2guY29tXC93cC1jb250ZW50XC91cGxvYWRzXC8yMDI1XC8wNFwvQVIzLndlYnAiLCJzbGlkZXNob3ciOiJjNzI2YWNkIn0%3D\" href='https:\/\/fendakdardbagh.com\/wp-content\/uploads\/2025\/04\/AR3.webp'><img loading=\"lazy\" decoding=\"async\" width=\"724\" height=\"1024\" src=\"https:\/\/fendakdardbagh.com\/wp-content\/uploads\/2025\/04\/AR3.webp\" class=\"attachment-large size-large\" alt=\"\" srcset=\"https:\/\/fendakdardbagh.com\/wp-content\/uploads\/2025\/04\/AR3.webp 724w, https:\/\/fendakdardbagh.com\/wp-content\/uploads\/2025\/04\/AR3-212x300.webp 212w, https:\/\/fendakdardbagh.com\/wp-content\/uploads\/2025\/04\/AR3-8x12.webp 8w, https:\/\/fendakdardbagh.com\/wp-content\/uploads\/2025\/04\/AR3-150x212.webp 150w\" sizes=\"(max-width: 724px) 100vw, 724px\" \/><\/a>\n\t\t\t<\/dt><\/dl><dl class='gallery-item'>\n\t\t\t<dt class='gallery-icon portrait'>\n\t\t\t\t<a data-elementor-open-lightbox=\"yes\" data-elementor-lightbox-slideshow=\"c726acd\" data-elementor-lightbox-title=\"AR4\" data-e-action-hash=\"#elementor-action%3Aaction%3Dlightbox%26settings%3DeyJpZCI6OTI5LCJ1cmwiOiJodHRwczpcL1wvZmVuZGFrZGFyZGJhZ2guY29tXC93cC1jb250ZW50XC91cGxvYWRzXC8yMDI1XC8wNFwvQVI0LndlYnAiLCJzbGlkZXNob3ciOiJjNzI2YWNkIn0%3D\" href='https:\/\/fendakdardbagh.com\/wp-content\/uploads\/2025\/04\/AR4.webp'><img loading=\"lazy\" decoding=\"async\" width=\"724\" height=\"1024\" src=\"https:\/\/fendakdardbagh.com\/wp-content\/uploads\/2025\/04\/AR4.webp\" class=\"attachment-large size-large\" alt=\"\" srcset=\"https:\/\/fendakdardbagh.com\/wp-content\/uploads\/2025\/04\/AR4.webp 724w, https:\/\/fendakdardbagh.com\/wp-content\/uploads\/2025\/04\/AR4-212x300.webp 212w, https:\/\/fendakdardbagh.com\/wp-content\/uploads\/2025\/04\/AR4-8x12.webp 8w, https:\/\/fendakdardbagh.com\/wp-content\/uploads\/2025\/04\/AR4-150x212.webp 150w\" sizes=\"(max-width: 724px) 100vw, 724px\" \/><\/a>\n\t\t\t<\/dt><\/dl><br style=\"clear: both\" \/>\n\t\t<\/div>\n\t\t<\/div>\n\t\t\t\t\t\t<\/div>\n\t\t\t\t<\/div>\n\t\t\t\t\t<\/div>\n\t\t\t\t<\/div>\n\t\t<div class=\"wd-negative-gap elementor-element elementor-element-1104ae6 e-flex e-con-boxed e-con e-parent\" data-id=\"1104ae6\" data-element_type=\"container\">\n\t\t\t\t\t<div class=\"e-con-inner\">\n\t\t\t\t<div class=\"elementor-element elementor-element-2e935dc elementor-widget elementor-widget-spacer\" data-id=\"2e935dc\" data-element_type=\"widget\" data-widget_type=\"spacer.default\">\n\t\t\t\t<div class=\"elementor-widget-container\">\n\t\t\t\t\t\t\t<div class=\"elementor-spacer\">\n\t\t\t<div class=\"elementor-spacer-inner\"><\/div>\n\t\t<\/div>\n\t\t\t\t\t\t<\/div>\n\t\t\t\t<\/div>\n\t\t\t\t\t<\/div>\n\t\t\t\t<\/div>\n\t\t<div class=\"wd-negative-gap elementor-element elementor-element-5ade44a e-flex e-con-boxed e-con e-parent\" data-id=\"5ade44a\" data-element_type=\"container\">\n\t\t\t\t\t<div class=\"e-con-inner\">\n\t\t\t\t<div class=\"elementor-element elementor-element-1dd2003 wd-width-100 elementor-widget elementor-widget-wd_title\" data-id=\"1dd2003\" data-element_type=\"widget\" data-widget_type=\"wd_title.default\">\n\t\t\t\t<div class=\"elementor-widget-container\">\n\t\t\t\t\t\t\t<div class=\"title-wrapper wd-set-mb reset-last-child wd-title-color-primary wd-title-style-default wd-title-size-extra-large text-center\">\n\n\t\t\t\t\t\t\t\t\t\t\t<div class=\"title-subtitle subtitle-color-primary subtitle-style-default wd-fontsize-m\">\n\t\t\t\t\tFRAN\u00c7AIS\t\t\t\t<\/div>\n\t\t\t\n\t\t\t<div class=\"liner-continer\">\n\t\t\t\t<h4 class=\"woodmart-title-container title wd-fontsize-xxxl\"><\/h4> \n\t\t\t\t\t\t\t<\/div>\n\n\t\t\t\t\t<\/div>\n\t\t\t\t\t\t<\/div>\n\t\t\t\t<\/div>\n\t\t\t\t\t<\/div>\n\t\t\t\t<\/div>\n\t\t<div class=\"wd-negative-gap elementor-element elementor-element-ec1e4e7 e-flex e-con-boxed e-con e-parent\" data-id=\"ec1e4e7\" data-element_type=\"container\">\n\t\t\t\t\t<div class=\"e-con-inner\">\n\t\t\t\t<div class=\"elementor-element elementor-element-24e1dc4 elementor-widget elementor-widget-image-gallery\" data-id=\"24e1dc4\" data-element_type=\"widget\" data-widget_type=\"image-gallery.default\">\n\t\t\t\t<div class=\"elementor-widget-container\">\n\t\t\t\t\t\t\t<div class=\"elementor-image-gallery\">\n\t\t\t\n\t\t<style type=\"text\/css\">\n\t\t\t#gallery-2 {\n\t\t\t\tmargin: auto;\n\t\t\t}\n\t\t\t#gallery-2 .gallery-item {\n\t\t\t\tfloat: left;\n\t\t\t\tmargin-top: 10px;\n\t\t\t\ttext-align: center;\n\t\t\t\twidth: 25%;\n\t\t\t}\n\t\t\t#gallery-2 img {\n\t\t\t\tborder: 2px solid #cfcfcf;\n\t\t\t}\n\t\t\t#gallery-2 .gallery-caption {\n\t\t\t\tmargin-left: 0;\n\t\t\t}\n\t\t\t\/* see gallery_shortcode() in wp-includes\/media.php *\/\n\t\t<\/style>\n\t\t<div id='gallery-2' class='gallery galleryid-923 gallery-columns-4 gallery-size-large'><dl class='gallery-item'>\n\t\t\t<dt class='gallery-icon portrait'>\n\t\t\t\t<a data-elementor-open-lightbox=\"yes\" data-elementor-lightbox-slideshow=\"24e1dc4\" data-elementor-lightbox-title=\"FR1\" data-e-action-hash=\"#elementor-action%3Aaction%3Dlightbox%26settings%3DeyJpZCI6OTMwLCJ1cmwiOiJodHRwczpcL1wvZmVuZGFrZGFyZGJhZ2guY29tXC93cC1jb250ZW50XC91cGxvYWRzXC8yMDI1XC8wNFwvRlIxLndlYnAiLCJzbGlkZXNob3ciOiIyNGUxZGM0In0%3D\" href='https:\/\/fendakdardbagh.com\/wp-content\/uploads\/2025\/04\/FR1.webp'><img loading=\"lazy\" decoding=\"async\" width=\"724\" height=\"1024\" src=\"https:\/\/fendakdardbagh.com\/wp-content\/uploads\/2025\/04\/FR1.webp\" class=\"attachment-large size-large\" alt=\"\" srcset=\"https:\/\/fendakdardbagh.com\/wp-content\/uploads\/2025\/04\/FR1.webp 724w, https:\/\/fendakdardbagh.com\/wp-content\/uploads\/2025\/04\/FR1-212x300.webp 212w, https:\/\/fendakdardbagh.com\/wp-content\/uploads\/2025\/04\/FR1-8x12.webp 8w, https:\/\/fendakdardbagh.com\/wp-content\/uploads\/2025\/04\/FR1-150x212.webp 150w\" sizes=\"(max-width: 724px) 100vw, 724px\" \/><\/a>\n\t\t\t<\/dt><\/dl><dl class='gallery-item'>\n\t\t\t<dt class='gallery-icon portrait'>\n\t\t\t\t<a data-elementor-open-lightbox=\"yes\" data-elementor-lightbox-slideshow=\"24e1dc4\" data-elementor-lightbox-title=\"FR2\" data-e-action-hash=\"#elementor-action%3Aaction%3Dlightbox%26settings%3DeyJpZCI6OTMxLCJ1cmwiOiJodHRwczpcL1wvZmVuZGFrZGFyZGJhZ2guY29tXC93cC1jb250ZW50XC91cGxvYWRzXC8yMDI1XC8wNFwvRlIyLndlYnAiLCJzbGlkZXNob3ciOiIyNGUxZGM0In0%3D\" href='https:\/\/fendakdardbagh.com\/wp-content\/uploads\/2025\/04\/FR2.webp'><img loading=\"lazy\" decoding=\"async\" width=\"724\" height=\"1024\" src=\"https:\/\/fendakdardbagh.com\/wp-content\/uploads\/2025\/04\/FR2.webp\" class=\"attachment-large size-large\" alt=\"\" srcset=\"https:\/\/fendakdardbagh.com\/wp-content\/uploads\/2025\/04\/FR2.webp 724w, https:\/\/fendakdardbagh.com\/wp-content\/uploads\/2025\/04\/FR2-212x300.webp 212w, https:\/\/fendakdardbagh.com\/wp-content\/uploads\/2025\/04\/FR2-8x12.webp 8w, https:\/\/fendakdardbagh.com\/wp-content\/uploads\/2025\/04\/FR2-150x212.webp 150w\" sizes=\"(max-width: 724px) 100vw, 724px\" \/><\/a>\n\t\t\t<\/dt><\/dl><dl class='gallery-item'>\n\t\t\t<dt class='gallery-icon portrait'>\n\t\t\t\t<a data-elementor-open-lightbox=\"yes\" data-elementor-lightbox-slideshow=\"24e1dc4\" data-elementor-lightbox-title=\"FR3\" data-e-action-hash=\"#elementor-action%3Aaction%3Dlightbox%26settings%3DeyJpZCI6OTMyLCJ1cmwiOiJodHRwczpcL1wvZmVuZGFrZGFyZGJhZ2guY29tXC93cC1jb250ZW50XC91cGxvYWRzXC8yMDI1XC8wNFwvRlIzLndlYnAiLCJzbGlkZXNob3ciOiIyNGUxZGM0In0%3D\" href='https:\/\/fendakdardbagh.com\/wp-content\/uploads\/2025\/04\/FR3.webp'><img loading=\"lazy\" decoding=\"async\" width=\"724\" height=\"1024\" src=\"https:\/\/fendakdardbagh.com\/wp-content\/uploads\/2025\/04\/FR3.webp\" class=\"attachment-large size-large\" alt=\"\" srcset=\"https:\/\/fendakdardbagh.com\/wp-content\/uploads\/2025\/04\/FR3.webp 724w, https:\/\/fendakdardbagh.com\/wp-content\/uploads\/2025\/04\/FR3-212x300.webp 212w, https:\/\/fendakdardbagh.com\/wp-content\/uploads\/2025\/04\/FR3-8x12.webp 8w, https:\/\/fendakdardbagh.com\/wp-content\/uploads\/2025\/04\/FR3-150x212.webp 150w\" sizes=\"(max-width: 724px) 100vw, 724px\" \/><\/a>\n\t\t\t<\/dt><\/dl><dl class='gallery-item'>\n\t\t\t<dt class='gallery-icon portrait'>\n\t\t\t\t<a data-elementor-open-lightbox=\"yes\" data-elementor-lightbox-slideshow=\"24e1dc4\" data-elementor-lightbox-title=\"FR4\" data-e-action-hash=\"#elementor-action%3Aaction%3Dlightbox%26settings%3DeyJpZCI6OTMzLCJ1cmwiOiJodHRwczpcL1wvZmVuZGFrZGFyZGJhZ2guY29tXC93cC1jb250ZW50XC91cGxvYWRzXC8yMDI1XC8wNFwvRlI0LndlYnAiLCJzbGlkZXNob3ciOiIyNGUxZGM0In0%3D\" href='https:\/\/fendakdardbagh.com\/wp-content\/uploads\/2025\/04\/FR4.webp'><img loading=\"lazy\" decoding=\"async\" width=\"724\" height=\"1024\" src=\"https:\/\/fendakdardbagh.com\/wp-content\/uploads\/2025\/04\/FR4.webp\" class=\"attachment-large size-large\" alt=\"\" srcset=\"https:\/\/fendakdardbagh.com\/wp-content\/uploads\/2025\/04\/FR4.webp 724w, https:\/\/fendakdardbagh.com\/wp-content\/uploads\/2025\/04\/FR4-212x300.webp 212w, https:\/\/fendakdardbagh.com\/wp-content\/uploads\/2025\/04\/FR4-8x12.webp 8w, https:\/\/fendakdardbagh.com\/wp-content\/uploads\/2025\/04\/FR4-150x212.webp 150w\" sizes=\"(max-width: 724px) 100vw, 724px\" \/><\/a>\n\t\t\t<\/dt><\/dl><br style=\"clear: both\" \/>\n\t\t<\/div>\n\t\t<\/div>\n\t\t\t\t\t\t<\/div>\n\t\t\t\t<\/div>\n\t\t\t\t\t<\/div>\n\t\t\t\t<\/div>\n\t\t\t\t<\/div>","protected":false},"excerpt":{"rendered":"<p>Fendak Dar Dbagh Cafeteria Which facilitates access to Dar Debagh Restaurant. This latter is located inside a historic building built<\/p>","protected":false},"author":1,"featured_media":0,"parent":0,"menu_order":0,"comment_status":"closed","ping_status":"closed","template":"","meta":{"_joinchat":[],"footnotes":""},"class_list":["post-923","page","type-page","status-publish","hentry"],"_links":{"self":[{"href":"https:\/\/fendakdardbagh.com\/fr\/wp-json\/wp\/v2\/pages\/923","targetHints":{"allow":["GET"]}}],"collection":[{"href":"https:\/\/fendakdardbagh.com\/fr\/wp-json\/wp\/v2\/pages"}],"about":[{"href":"https:\/\/fendakdardbagh.com\/fr\/wp-json\/wp\/v2\/types\/page"}],"author":[{"embeddable":true,"href":"https:\/\/fendakdardbagh.com\/fr\/wp-json\/wp\/v2\/users\/1"}],"replies":[{"embeddable":true,"href":"https:\/\/fendakdardbagh.com\/fr\/wp-json\/wp\/v2\/comments?post=923"}],"version-history":[{"count":16,"href":"https:\/\/fendakdardbagh.com\/fr\/wp-json\/wp\/v2\/pages\/923\/revisions"}],"predecessor-version":[{"id":1091,"href":"https:\/\/fendakdardbagh.com\/fr\/wp-json\/wp\/v2\/pages\/923\/revisions\/1091"}],"wp:attachment":[{"href":"https:\/\/fendakdardbagh.com\/fr\/wp-json\/wp\/v2\/media?parent=923"}],"curies":[{"name":"wp","href":"https:\/\/api.w.org\/{rel}","templated":true}]}}